{"id":38497,"date":"2025-01-30T16:36:38","date_gmt":"2025-01-30T15:36:38","guid":{"rendered":"https:\/\/www.pomati.it\/?page_id=38497"},"modified":"2025-01-30T16:40:41","modified_gmt":"2025-01-30T15:40:41","slug":"aria-aqua","status":"publish","type":"page","link":"https:\/\/www.pomati.it\/fr\/aria-aqua\/","title":{"rendered":"Aria &#038; Aqua"},"content":{"rendered":"\t\t<div data-elementor-type=\"wp-page\" data-elementor-id=\"38497\" class=\"elementor elementor-38497 elementor-38026\" data-elementor-post-type=\"page\">\n\t\t\t\t<div class=\"elementor-element elementor-element-a4dcd99 e-flex e-con-boxed e-con e-parent\" data-id=\"a4dcd99\" data-element_type=\"container\" data-settings=\"{&quot;background_background&quot;:&quot;classic&quot;}\">\n\t\t\t\t\t<div class=\"e-con-inner\">\n\t\t\t\t<div class=\"elementor-element elementor-element-4b4794a elementor-widget elementor-widget-image\" data-id=\"4b4794a\" data-element_type=\"widget\" data-widget_type=\"image.default\">\n\t\t\t\t<div class=\"elementor-widget-container\">\n\t\t\t\t\t\t\t\t\t\t\t\t\t<img fetchpriority=\"high\" decoding=\"async\" width=\"1020\" height=\"301\" src=\"https:\/\/www.pomati.it\/wp-content\/uploads\/2025\/01\/Discover-1024x302.png\" class=\"attachment-large size-large wp-image-38029\" alt=\"\" srcset=\"https:\/\/www.pomati.it\/wp-content\/uploads\/2025\/01\/Discover-1024x302.png 1024w, https:\/\/www.pomati.it\/wp-content\/uploads\/2025\/01\/Discover-300x88.png 300w, https:\/\/www.pomati.it\/wp-content\/uploads\/2025\/01\/Discover-768x227.png 768w, https:\/\/www.pomati.it\/wp-content\/uploads\/2025\/01\/Discover.png 1085w\" sizes=\"(max-width: 1020px) 100vw, 1020px\" \/>\t\t\t\t\t\t\t\t\t\t\t\t\t<\/div>\n\t\t\t\t<\/div>\n\t\t\t\t\t<\/div>\n\t\t\t\t<\/div>\n\t\t<div class=\"elementor-element elementor-element-24a8a60 e-flex e-con-boxed e-con e-parent\" data-id=\"24a8a60\" data-element_type=\"container\" data-settings=\"{&quot;background_background&quot;:&quot;classic&quot;}\">\n\t\t\t\t\t<div class=\"e-con-inner\">\n\t\t<div class=\"elementor-element elementor-element-f4880b7 e-con-full e-flex e-con e-child\" data-id=\"f4880b7\" data-element_type=\"container\">\n\t\t\t\t<div class=\"elementor-element elementor-element-019d6ef elementor-widget elementor-widget-image\" data-id=\"019d6ef\" data-element_type=\"widget\" data-widget_type=\"image.default\">\n\t\t\t\t<div class=\"elementor-widget-container\">\n\t\t\t\t\t\t\t\t\t\t\t\t\t\t<a href=\"https:\/\/www.pomati.it\/en\/aria\/\">\n\t\t\t\t\t\t\t<img decoding=\"async\" width=\"675\" height=\"452\" src=\"https:\/\/www.pomati.it\/wp-content\/uploads\/2025\/01\/Aria_SitoPomati.png\" class=\"attachment-large size-large wp-image-38035\" alt=\"\" srcset=\"https:\/\/www.pomati.it\/wp-content\/uploads\/2025\/01\/Aria_SitoPomati.png 675w, https:\/\/www.pomati.it\/wp-content\/uploads\/2025\/01\/Aria_SitoPomati-300x201.png 300w\" sizes=\"(max-width: 675px) 100vw, 675px\" \/>\t\t\t\t\t\t\t\t<\/a>\n\t\t\t\t\t\t\t\t\t\t\t\t\t<\/div>\n\t\t\t\t<\/div>\n\t\t\t\t<div class=\"elementor-element elementor-element-432b6e4 elementor-widget elementor-widget-heading\" data-id=\"432b6e4\" data-element_type=\"widget\" data-widget_type=\"heading.default\">\n\t\t\t\t<div class=\"elementor-widget-container\">\n\t\t\t<h2 class=\"elementor-heading-title elementor-size-default\">Nouvelle d\u00e9coration de cabine<\/h2>\t\t<\/div>\n\t\t\t\t<\/div>\n\t\t\t\t<div class=\"elementor-element elementor-element-1a39403 elementor-widget elementor-widget-text-editor\" data-id=\"1a39403\" data-element_type=\"widget\" data-widget_type=\"text-editor.default\">\n\t\t\t\t<div class=\"elementor-widget-container\">\n\t\t\t\t\t\t\t<p>Aria de Pomati est un outil indispensable pour cr\u00e9er un espace d\u00e9di\u00e9 et s\u00fbr \u00e0 la d\u00e9coration. Con\u00e7ue pour r\u00e9pondre aux besoins des laboratoires alimentaires les plus exigeants, cette solution comprend un syst\u00e8me d&#8217;extraction puissant pour maintenir un espace de travail propre, exempt de substances et de poussi\u00e8res g\u00e9n\u00e9r\u00e9es lors de la d\u00e9coration des moules avec un a\u00e9rographe.<\/p>\t\t\t\t\t\t<\/div>\n\t\t\t\t<\/div>\n\t\t\t\t<div class=\"elementor-element elementor-element-2692ee7 elementor-align-center elementor-widget elementor-widget-button\" data-id=\"2692ee7\" data-element_type=\"widget\" data-widget_type=\"button.default\">\n\t\t\t\t<div class=\"elementor-widget-container\">\n\t\t\t\t\t\t\t<div class=\"elementor-button-wrapper\">\n\t\t\t\t\t<a class=\"elementor-button elementor-button-link elementor-size-sm\" href=\"https:\/\/www.pomati.it\/fr\/aria\/\">\n\t\t\t\t\t\t<span class=\"elementor-button-content-wrapper\">\n\t\t\t\t\t\t\t\t\t<span class=\"elementor-button-text\">D\u00c9COUVREZ PLUS<\/span>\n\t\t\t\t\t<\/span>\n\t\t\t\t\t<\/a>\n\t\t\t\t<\/div>\n\t\t\t\t\t\t<\/div>\n\t\t\t\t<\/div>\n\t\t\t\t<\/div>\n\t\t<div class=\"elementor-element elementor-element-c757718 e-con-full e-flex e-con e-child\" data-id=\"c757718\" data-element_type=\"container\">\n\t\t\t\t<div class=\"elementor-element elementor-element-242b2fd elementor-widget elementor-widget-image\" data-id=\"242b2fd\" data-element_type=\"widget\" data-widget_type=\"image.default\">\n\t\t\t\t<div class=\"elementor-widget-container\">\n\t\t\t\t\t\t\t\t\t\t\t\t\t\t<a href=\"https:\/\/www.pomati.it\/en\/Aqua\/\">\n\t\t\t\t\t\t\t<img decoding=\"async\" width=\"675\" height=\"452\" src=\"https:\/\/www.pomati.it\/wp-content\/uploads\/2025\/01\/Aqua_SitoPomati.png\" class=\"attachment-large size-large wp-image-38041\" alt=\"\" srcset=\"https:\/\/www.pomati.it\/wp-content\/uploads\/2025\/01\/Aqua_SitoPomati.png 675w, https:\/\/www.pomati.it\/wp-content\/uploads\/2025\/01\/Aqua_SitoPomati-300x201.png 300w\" sizes=\"(max-width: 675px) 100vw, 675px\" \/>\t\t\t\t\t\t\t\t<\/a>\n\t\t\t\t\t\t\t\t\t\t\t\t\t<\/div>\n\t\t\t\t<\/div>\n\t\t\t\t<div class=\"elementor-element elementor-element-338133d elementor-widget elementor-widget-heading\" data-id=\"338133d\" data-element_type=\"widget\" data-widget_type=\"heading.default\">\n\t\t\t\t<div class=\"elementor-widget-container\">\n\t\t\t<h2 class=\"elementor-heading-title elementor-size-default\">Innovation au service de l'artisanat<\/h2>\t\t<\/div>\n\t\t\t\t<\/div>\n\t\t\t\t<div class=\"elementor-element elementor-element-e810bdd elementor-widget elementor-widget-text-editor\" data-id=\"e810bdd\" data-element_type=\"widget\" data-widget_type=\"text-editor.default\">\n\t\t\t\t<div class=\"elementor-widget-container\">\n\t\t\t\t\t\t\t<p>Aqua de Pomati Group est une solution de pointe pour une d\u00e9coupe ultra-pr\u00e9cise, con\u00e7ue pour r\u00e9pondre aux besoins complexes des laboratoires alimentaires. Avec plus de 50 ans d&#8217;exp\u00e9rience dans la technologie du chocolat, Pomati Group a d\u00e9velopp\u00e9 une machine compacte, facile \u00e0 utiliser et performante, con\u00e7ue pour garantir des normes d&#8217;hygi\u00e8ne et de qualit\u00e9 \u00e9lev\u00e9es.<\/p>\t\t\t\t\t\t<\/div>\n\t\t\t\t<\/div>\n\t\t\t\t<div class=\"elementor-element elementor-element-2fe0613 elementor-align-center elementor-widget elementor-widget-button\" data-id=\"2fe0613\" data-element_type=\"widget\" data-widget_type=\"button.default\">\n\t\t\t\t<div class=\"elementor-widget-container\">\n\t\t\t\t\t\t\t<div class=\"elementor-button-wrapper\">\n\t\t\t\t\t<a class=\"elementor-button elementor-button-link elementor-size-sm\" href=\"https:\/\/www.pomati.it\/fr\/Aqua\/\">\n\t\t\t\t\t\t<span class=\"elementor-button-content-wrapper\">\n\t\t\t\t\t\t\t\t\t<span class=\"elementor-button-text\">D\u00c9COUVREZ PLUS<\/span>\n\t\t\t\t\t<\/span>\n\t\t\t\t\t<\/a>\n\t\t\t\t<\/div>\n\t\t\t\t\t\t<\/div>\n\t\t\t\t<\/div>\n\t\t\t\t<div class=\"elementor-element elementor-element-4da2c25 elementor-widget elementor-widget-spacer\" data-id=\"4da2c25\" data-element_type=\"widget\" data-widget_type=\"spacer.default\">\n\t\t\t\t<div class=\"elementor-widget-container\">\n\t\t\t\t\t<div class=\"elementor-spacer\">\n\t\t\t<div class=\"elementor-spacer-inner\"><\/div>\n\t\t<\/div>\n\t\t\t\t<\/div>\n\t\t\t\t<\/div>\n\t\t\t\t<\/div>\n\t\t\t\t\t<\/div>\n\t\t\t\t<\/div>\n\t\t\t\t<\/div>\n\t\t","protected":false},"excerpt":{"rendered":"<p>Nouvelle d\u00e9coration de cabine Aria de Pomati est un outil indispensable pour cr\u00e9er un espace d\u00e9di\u00e9 et s\u00fbr \u00e0 la d\u00e9coration. Con\u00e7ue pour r\u00e9pondre aux besoins des laboratoires alimentaires les [&#8230;]\n","protected":false},"author":3,"featured_media":0,"parent":0,"menu_order":0,"comment_status":"closed","ping_status":"closed","template":"","meta":{"_price":"","_stock":"","_tribe_ticket_header":"","_tribe_default_ticket_provider":"","_tribe_ticket_capacity":"0","_ticket_start_date":"","_ticket_end_date":"","_tribe_ticket_show_description":"","_tribe_ticket_show_not_going":false,"_tribe_ticket_use_global_stock":"","_tribe_ticket_global_stock_level":"","_global_stock_mode":"","_global_stock_cap":"","_tribe_rsvp_for_event":"","_tribe_ticket_going_count":"","_tribe_ticket_not_going_count":"","_tribe_tickets_list":"[]","_tribe_ticket_has_attendee_info_fields":false,"footnotes":"","_tec_slr_enabled":"","_tec_slr_layout":""},"acf":[],"yoast_head":"<!-- This site is optimized with the Yoast SEO plugin v22.5 - https:\/\/yoast.com\/wordpress\/plugins\/seo\/ -->\n<title>Aria &amp; Aqua - Pomati<\/title>\n<meta name=\"robots\" content=\"index, follow, max-snippet:-1, max-image-preview:large, max-video-preview:-1\" \/>\n<link rel=\"canonical\" href=\"https:\/\/www.pomati.it\/de\/aria-aqua\/\" \/>\n<meta property=\"og:locale\" content=\"fr_FR\" \/>\n<meta property=\"og:type\" content=\"article\" \/>\n<meta property=\"og:title\" content=\"Aria &amp; Aqua - Pomati\" \/>\n<meta property=\"og:description\" content=\"Nouvelle d\u00e9coration de cabine Aria de Pomati est un outil indispensable pour cr\u00e9er un espace d\u00e9di\u00e9 et s\u00fbr \u00e0 la d\u00e9coration. Con\u00e7ue pour r\u00e9pondre aux besoins des laboratoires alimentaires les [...]\" \/>\n<meta property=\"og:url\" content=\"https:\/\/www.pomati.it\/de\/aria-aqua\/\" \/>\n<meta property=\"og:site_name\" content=\"Pomati\" \/>\n<meta property=\"article:publisher\" content=\"https:\/\/www.facebook.com\/pomatigroup\/\" \/>\n<meta property=\"article:modified_time\" content=\"2025-01-30T15:40:41+00:00\" \/>\n<meta property=\"og:image\" content=\"https:\/\/www.pomati.it\/wp-content\/uploads\/2025\/01\/Discover-1024x302.png\" \/>\n<meta name=\"twitter:card\" content=\"summary_large_image\" \/>\n<meta name=\"twitter:label1\" content=\"Dur\u00e9e de lecture estim\u00e9e\" \/>\n\t<meta name=\"twitter:data1\" content=\"2 minutes\" \/>\n<script type=\"application\/ld+json\" class=\"yoast-schema-graph\">{\"@context\":\"https:\/\/schema.org\",\"@graph\":[{\"@type\":\"WebPage\",\"@id\":\"https:\/\/www.pomati.it\/de\/aria-aqua\/\",\"url\":\"https:\/\/www.pomati.it\/de\/aria-aqua\/\",\"name\":\"Aria & Aqua - Pomati\",\"isPartOf\":{\"@id\":\"https:\/\/www.pomati.it\/en\/#website\"},\"primaryImageOfPage\":{\"@id\":\"https:\/\/www.pomati.it\/de\/aria-aqua\/#primaryimage\"},\"image\":{\"@id\":\"https:\/\/www.pomati.it\/de\/aria-aqua\/#primaryimage\"},\"thumbnailUrl\":\"https:\/\/www.pomati.it\/wp-content\/uploads\/2025\/01\/Discover-1024x302.png\",\"datePublished\":\"2025-01-30T15:36:38+00:00\",\"dateModified\":\"2025-01-30T15:40:41+00:00\",\"breadcrumb\":{\"@id\":\"https:\/\/www.pomati.it\/de\/aria-aqua\/#breadcrumb\"},\"inLanguage\":\"fr-FR\",\"potentialAction\":[{\"@type\":\"ReadAction\",\"target\":[\"https:\/\/www.pomati.it\/de\/aria-aqua\/\"]}]},{\"@type\":\"ImageObject\",\"inLanguage\":\"fr-FR\",\"@id\":\"https:\/\/www.pomati.it\/de\/aria-aqua\/#primaryimage\",\"url\":\"https:\/\/www.pomati.it\/wp-content\/uploads\/2025\/01\/Discover-1024x302.png\",\"contentUrl\":\"https:\/\/www.pomati.it\/wp-content\/uploads\/2025\/01\/Discover-1024x302.png\"},{\"@type\":\"BreadcrumbList\",\"@id\":\"https:\/\/www.pomati.it\/de\/aria-aqua\/#breadcrumb\",\"itemListElement\":[{\"@type\":\"ListItem\",\"position\":1,\"name\":\"Home\",\"item\":\"https:\/\/www.pomati.it\/es\/\"},{\"@type\":\"ListItem\",\"position\":2,\"name\":\"Aria &#038; Aqua\"}]},{\"@type\":\"WebSite\",\"@id\":\"https:\/\/www.pomati.it\/en\/#website\",\"url\":\"https:\/\/www.pomati.it\/en\/\",\"name\":\"Pomati\",\"description\":\"Chocolate Technology\",\"publisher\":{\"@id\":\"https:\/\/www.pomati.it\/en\/#organization\"},\"potentialAction\":[{\"@type\":\"SearchAction\",\"target\":{\"@type\":\"EntryPoint\",\"urlTemplate\":\"https:\/\/www.pomati.it\/en\/?s={search_term_string}\"},\"query-input\":\"required name=search_term_string\"}],\"inLanguage\":\"fr-FR\"},{\"@type\":\"Organization\",\"@id\":\"https:\/\/www.pomati.it\/en\/#organization\",\"name\":\"Pomati Group S.r.l.\",\"url\":\"https:\/\/www.pomati.it\/en\/\",\"logo\":{\"@type\":\"ImageObject\",\"inLanguage\":\"fr-FR\",\"@id\":\"https:\/\/www.pomati.it\/en\/#\/schema\/logo\/image\/\",\"url\":\"https:\/\/www.pomati.it\/wp-content\/uploads\/2019\/12\/pomati-logo-ita.png\",\"contentUrl\":\"https:\/\/www.pomati.it\/wp-content\/uploads\/2019\/12\/pomati-logo-ita.png\",\"width\":287,\"height\":45,\"caption\":\"Pomati Group S.r.l.\"},\"image\":{\"@id\":\"https:\/\/www.pomati.it\/en\/#\/schema\/logo\/image\/\"},\"sameAs\":[\"https:\/\/www.facebook.com\/pomatigroup\/\",\"https:\/\/www.instagram.com\/pomatigroup\/\",\"https:\/\/www.youtube.com\/user\/POMATIGROUP\"]}]}<\/script>\n<!-- \/ Yoast SEO plugin. -->","yoast_head_json":{"title":"Aria & Aqua - Pomati","robots":{"index":"index","follow":"follow","max-snippet":"max-snippet:-1","max-image-preview":"max-image-preview:large","max-video-preview":"max-video-preview:-1"},"canonical":"https:\/\/www.pomati.it\/de\/aria-aqua\/","og_locale":"fr_FR","og_type":"article","og_title":"Aria & Aqua - Pomati","og_description":"Nouvelle d\u00e9coration de cabine Aria de Pomati est un outil indispensable pour cr\u00e9er un espace d\u00e9di\u00e9 et s\u00fbr \u00e0 la d\u00e9coration. Con\u00e7ue pour r\u00e9pondre aux besoins des laboratoires alimentaires les [...]","og_url":"https:\/\/www.pomati.it\/de\/aria-aqua\/","og_site_name":"Pomati","article_publisher":"https:\/\/www.facebook.com\/pomatigroup\/","article_modified_time":"2025-01-30T15:40:41+00:00","og_image":[{"url":"https:\/\/www.pomati.it\/wp-content\/uploads\/2025\/01\/Discover-1024x302.png"}],"twitter_card":"summary_large_image","twitter_misc":{"Dur\u00e9e de lecture estim\u00e9e":"2 minutes"},"schema":{"@context":"https:\/\/schema.org","@graph":[{"@type":"WebPage","@id":"https:\/\/www.pomati.it\/de\/aria-aqua\/","url":"https:\/\/www.pomati.it\/de\/aria-aqua\/","name":"Aria & Aqua - Pomati","isPartOf":{"@id":"https:\/\/www.pomati.it\/en\/#website"},"primaryImageOfPage":{"@id":"https:\/\/www.pomati.it\/de\/aria-aqua\/#primaryimage"},"image":{"@id":"https:\/\/www.pomati.it\/de\/aria-aqua\/#primaryimage"},"thumbnailUrl":"https:\/\/www.pomati.it\/wp-content\/uploads\/2025\/01\/Discover-1024x302.png","datePublished":"2025-01-30T15:36:38+00:00","dateModified":"2025-01-30T15:40:41+00:00","breadcrumb":{"@id":"https:\/\/www.pomati.it\/de\/aria-aqua\/#breadcrumb"},"inLanguage":"fr-FR","potentialAction":[{"@type":"ReadAction","target":["https:\/\/www.pomati.it\/de\/aria-aqua\/"]}]},{"@type":"ImageObject","inLanguage":"fr-FR","@id":"https:\/\/www.pomati.it\/de\/aria-aqua\/#primaryimage","url":"https:\/\/www.pomati.it\/wp-content\/uploads\/2025\/01\/Discover-1024x302.png","contentUrl":"https:\/\/www.pomati.it\/wp-content\/uploads\/2025\/01\/Discover-1024x302.png"},{"@type":"BreadcrumbList","@id":"https:\/\/www.pomati.it\/de\/aria-aqua\/#breadcrumb","itemListElement":[{"@type":"ListItem","position":1,"name":"Home","item":"https:\/\/www.pomati.it\/es\/"},{"@type":"ListItem","position":2,"name":"Aria &#038; Aqua"}]},{"@type":"WebSite","@id":"https:\/\/www.pomati.it\/en\/#website","url":"https:\/\/www.pomati.it\/en\/","name":"Pomati","description":"Chocolate Technology","publisher":{"@id":"https:\/\/www.pomati.it\/en\/#organization"},"potentialAction":[{"@type":"SearchAction","target":{"@type":"EntryPoint","urlTemplate":"https:\/\/www.pomati.it\/en\/?s={search_term_string}"},"query-input":"required name=search_term_string"}],"inLanguage":"fr-FR"},{"@type":"Organization","@id":"https:\/\/www.pomati.it\/en\/#organization","name":"Pomati Group S.r.l.","url":"https:\/\/www.pomati.it\/en\/","logo":{"@type":"ImageObject","inLanguage":"fr-FR","@id":"https:\/\/www.pomati.it\/en\/#\/schema\/logo\/image\/","url":"https:\/\/www.pomati.it\/wp-content\/uploads\/2019\/12\/pomati-logo-ita.png","contentUrl":"https:\/\/www.pomati.it\/wp-content\/uploads\/2019\/12\/pomati-logo-ita.png","width":287,"height":45,"caption":"Pomati Group S.r.l."},"image":{"@id":"https:\/\/www.pomati.it\/en\/#\/schema\/logo\/image\/"},"sameAs":["https:\/\/www.facebook.com\/pomatigroup\/","https:\/\/www.instagram.com\/pomatigroup\/","https:\/\/www.youtube.com\/user\/POMATIGROUP"]}]}},"ticketed":false,"_links":{"self":[{"href":"https:\/\/www.pomati.it\/fr\/wp-json\/wp\/v2\/pages\/38497"}],"collection":[{"href":"https:\/\/www.pomati.it\/fr\/wp-json\/wp\/v2\/pages"}],"about":[{"href":"https:\/\/www.pomati.it\/fr\/wp-json\/wp\/v2\/types\/page"}],"author":[{"embeddable":true,"href":"https:\/\/www.pomati.it\/fr\/wp-json\/wp\/v2\/users\/3"}],"replies":[{"embeddable":true,"href":"https:\/\/www.pomati.it\/fr\/wp-json\/wp\/v2\/comments?post=38497"}],"version-history":[{"count":7,"href":"https:\/\/www.pomati.it\/fr\/wp-json\/wp\/v2\/pages\/38497\/revisions"}],"predecessor-version":[{"id":38514,"href":"https:\/\/www.pomati.it\/fr\/wp-json\/wp\/v2\/pages\/38497\/revisions\/38514"}],"wp:attachment":[{"href":"https:\/\/www.pomati.it\/fr\/wp-json\/wp\/v2\/media?parent=38497"}],"curies":[{"name":"wp","href":"https:\/\/api.w.org\/{rel}","templated":true}]}}